{"id":2,"date":"2025-06-05T14:53:17","date_gmt":"2025-06-05T17:53:17","guid":{"rendered":"https:\/\/solbonaerense.com.ar\/?page_id=2"},"modified":"2025-06-06T14:52:54","modified_gmt":"2025-06-06T17:52:54","slug":"el-sol-bonaerense","status":"publish","type":"page","link":"https:\/\/solbonaerense.com.ar\/","title":{"rendered":"El sol boanerense"},"content":{"rendered":"\n<p>Esta es una p\u00e1gina de ejemplo. Es diferente a una entrada del blog porque permanecer\u00e1 en un solo lugar y aparecer\u00e1 en la navegaci\u00f3n de tu sitio (en la mayor\u00eda de los temas). La mayor\u00eda de las personas comienzan con una p\u00e1gina \"Acerca de\" que los presenta a los visitantes potenciales del sitio. Podr\u00edas decir algo as\u00ed:<\/p>\n\n\n\n<blockquote class=\"wp-block-quote is-layout-flow wp-block-quote-is-layout-flow\"><p>\u00a1Hola! Soy mensajero en bicicleta de d\u00eda, actor aspirante de noche, y esta es mi p\u00e1gina web. Vivo en Los \u00c1ngeles, tengo un gran perro llamado Jack, y me gustan las pi\u00f1as coladas. (Y ser atrapado por la lluvia.)<\/p><\/blockquote>\n\n\n\n<p>...o algo como esto:<\/p>\n\n\n\n<blockquote class=\"wp-block-quote is-layout-flow wp-block-quote-is-layout-flow\"><p>La compa\u00f1ia XYZ Trasto fue fundada en 1971, y provee trastos de calidad para el p\u00fablico desde entonces. Ubicado en Ciudad G\u00f3tica, XYZ le da empleo a m\u00e1s de 2000 personas y hace todo tipo de cosas asombrosas para la comunidad de G\u00f3tica.<\/p><\/blockquote>\n\n\n\n<p>Como nuevo usuario de WordPress, deber\u00edas dirigirte a <a href=\"https:\/\/solbonaerense.com.ar\/wp-admin\/\">tu escritorio<\/a> para borrar esta p\u00e1gina y crear nuevas p\u00e1ginas para tu contenido. \u00a1Divertite!<\/p>\n","protected":false},"excerpt":{"rendered":"<p>Esta es una p\u00e1gina de ejemplo. Es diferente a una entrada del blog porque permanecer\u00e1 en un solo lugar y aparecer\u00e1 en la navegaci\u00f3n de tu sitio (en la mayor\u00eda de los temas). La mayor\u00eda de las personas comienzan con una p\u00e1gina \"Acerca de\" que los presenta a los visitantes potenciales del sitio. Podr\u00edas decir [&hellip;]<\/p>\n","protected":false},"author":1,"featured_media":0,"parent":0,"menu_order":0,"comment_status":"closed","ping_status":"closed","template":"page-portada.php","meta":{"_acf_changed":false,"footnotes":""},"coauthors":[],"class_list":["post-2","page","type-page","status-publish","hentry"],"acf":[],"yoast_head":"<!-- This site is optimized with the Yoast SEO plugin v25.3.1 - https:\/\/yoast.com\/wordpress\/plugins\/seo\/ -->\n<title>El sol boanerense - sol boanerense<\/title>\n<meta name=\"robots\" content=\"noindex, follow\" \/>\n<meta property=\"og:locale\" content=\"es_ES\" \/>\n<meta property=\"og:type\" content=\"article\" \/>\n<meta property=\"og:title\" content=\"El sol boanerense - sol boanerense\" \/>\n<meta property=\"og:description\" content=\"Esta es una p\u00e1gina de ejemplo. Es diferente a una entrada del blog porque permanecer\u00e1 en un solo lugar y aparecer\u00e1 en la navegaci\u00f3n de tu sitio (en la mayor\u00eda de los temas). La mayor\u00eda de las personas comienzan con una p\u00e1gina &quot;Acerca de&quot; que los presenta a los visitantes potenciales del sitio. Podr\u00edas decir [&hellip;]\" \/>\n<meta property=\"og:url\" content=\"https:\/\/solbonaerense.com.ar\/\" \/>\n<meta property=\"og:site_name\" content=\"sol boanerense\" \/>\n<meta property=\"article:publisher\" content=\"https:\/\/www.facebook.com\/profile.php?id=61576291889006\" \/>\n<meta property=\"article:modified_time\" content=\"2025-06-06T17:52:54+00:00\" \/>\n<meta property=\"og:image\" content=\"https:\/\/solbonaerense.com.ar\/wp-content\/uploads\/2025\/06\/el-sol-boanerense-logo.png\" \/>\n\t<meta property=\"og:image:width\" content=\"376\" \/>\n\t<meta property=\"og:image:height\" content=\"186\" \/>\n\t<meta property=\"og:image:type\" content=\"image\/png\" \/>\n<meta name=\"twitter:card\" content=\"summary_large_image\" \/>\n<meta name=\"twitter:site\" content=\"@solbonaerense\" \/>\n<meta name=\"twitter:label1\" content=\"Tiempo de lectura\" \/>\n\t<meta name=\"twitter:data1\" content=\"1 minuto\" \/>\n\t<meta name=\"twitter:label2\" content=\"Written by\" \/>\n\t<meta name=\"twitter:data2\" content=\"admsolbs\" \/>\n<script type=\"application\/ld+json\" class=\"yoast-schema-graph\">{\"@context\":\"https:\/\/schema.org\",\"@graph\":[{\"@type\":\"WebPage\",\"@id\":\"https:\/\/solbonaerense.com.ar\/\",\"url\":\"https:\/\/solbonaerense.com.ar\/\",\"name\":\"El sol boanerense - sol boanerense\",\"isPartOf\":{\"@id\":\"https:\/\/solbonaerense.com.ar\/#website\"},\"datePublished\":\"2025-06-05T17:53:17+00:00\",\"dateModified\":\"2025-06-06T17:52:54+00:00\",\"breadcrumb\":{\"@id\":\"https:\/\/solbonaerense.com.ar\/#breadcrumb\"},\"inLanguage\":\"es-AR\",\"potentialAction\":[{\"@type\":\"ReadAction\",\"target\":[\"https:\/\/solbonaerense.com.ar\/\"]}]},{\"@type\":\"BreadcrumbList\",\"@id\":\"https:\/\/solbonaerense.com.ar\/#breadcrumb\",\"itemListElement\":[{\"@type\":\"ListItem\",\"position\":1,\"name\":\"Inicio\",\"item\":\"https:\/\/solbonaerense.com.ar\/\"},{\"@type\":\"ListItem\",\"position\":2,\"name\":\"El sol boanerense\"}]},{\"@type\":\"WebSite\",\"@id\":\"https:\/\/solbonaerense.com.ar\/#website\",\"url\":\"https:\/\/solbonaerense.com.ar\/\",\"name\":\"El Sol bonaerense\",\"description\":\"\",\"publisher\":{\"@id\":\"https:\/\/solbonaerense.com.ar\/#organization\"},\"alternateName\":\"Sol bonaerense\",\"potentialAction\":[{\"@type\":\"SearchAction\",\"target\":{\"@type\":\"EntryPoint\",\"urlTemplate\":\"https:\/\/solbonaerense.com.ar\/?s={search_term_string}\"},\"query-input\":{\"@type\":\"PropertyValueSpecification\",\"valueRequired\":true,\"valueName\":\"search_term_string\"}}],\"inLanguage\":\"es-AR\"},{\"@type\":\"Organization\",\"@id\":\"https:\/\/solbonaerense.com.ar\/#organization\",\"name\":\"El Sol bonaerense\",\"alternateName\":\"El Sol bonaerense\",\"url\":\"https:\/\/solbonaerense.com.ar\/\",\"logo\":{\"@type\":\"ImageObject\",\"inLanguage\":\"es-AR\",\"@id\":\"https:\/\/solbonaerense.com.ar\/#\/schema\/logo\/image\/\",\"url\":\"https:\/\/solbonaerense.com.ar\/wp-content\/uploads\/2025\/06\/cropped-el-sol-boanerense-ico-1.png\",\"contentUrl\":\"https:\/\/solbonaerense.com.ar\/wp-content\/uploads\/2025\/06\/cropped-el-sol-boanerense-ico-1.png\",\"width\":512,\"height\":512,\"caption\":\"El Sol bonaerense\"},\"image\":{\"@id\":\"https:\/\/solbonaerense.com.ar\/#\/schema\/logo\/image\/\"},\"sameAs\":[\"https:\/\/www.facebook.com\/profile.php?id=61576291889006\",\"https:\/\/x.com\/solbonaerense\",\"https:\/\/www.instagram.com\/solbonaerense\/\"]}]}<\/script>\n<!-- \/ Yoast SEO plugin. -->","yoast_head_json":{"title":"El sol boanerense - sol boanerense","robots":{"index":"noindex","follow":"follow"},"og_locale":"es_ES","og_type":"article","og_title":"El sol boanerense - sol boanerense","og_description":"Esta es una p\u00e1gina de ejemplo. Es diferente a una entrada del blog porque permanecer\u00e1 en un solo lugar y aparecer\u00e1 en la navegaci\u00f3n de tu sitio (en la mayor\u00eda de los temas). La mayor\u00eda de las personas comienzan con una p\u00e1gina \"Acerca de\" que los presenta a los visitantes potenciales del sitio. Podr\u00edas decir [&hellip;]","og_url":"https:\/\/solbonaerense.com.ar\/","og_site_name":"sol boanerense","article_publisher":"https:\/\/www.facebook.com\/profile.php?id=61576291889006","article_modified_time":"2025-06-06T17:52:54+00:00","og_image":[{"width":376,"height":186,"url":"https:\/\/solbonaerense.com.ar\/wp-content\/uploads\/2025\/06\/el-sol-boanerense-logo.png","type":"image\/png"}],"twitter_card":"summary_large_image","twitter_site":"@solbonaerense","twitter_misc":{"Tiempo de lectura":"1 minuto","Written by":"admsolbs"},"schema":{"@context":"https:\/\/schema.org","@graph":[{"@type":"WebPage","@id":"https:\/\/solbonaerense.com.ar\/","url":"https:\/\/solbonaerense.com.ar\/","name":"El sol boanerense - sol boanerense","isPartOf":{"@id":"https:\/\/solbonaerense.com.ar\/#website"},"datePublished":"2025-06-05T17:53:17+00:00","dateModified":"2025-06-06T17:52:54+00:00","breadcrumb":{"@id":"https:\/\/solbonaerense.com.ar\/#breadcrumb"},"inLanguage":"es-AR","potentialAction":[{"@type":"ReadAction","target":["https:\/\/solbonaerense.com.ar\/"]}]},{"@type":"BreadcrumbList","@id":"https:\/\/solbonaerense.com.ar\/#breadcrumb","itemListElement":[{"@type":"ListItem","position":1,"name":"Inicio","item":"https:\/\/solbonaerense.com.ar\/"},{"@type":"ListItem","position":2,"name":"El sol boanerense"}]},{"@type":"WebSite","@id":"https:\/\/solbonaerense.com.ar\/#website","url":"https:\/\/solbonaerense.com.ar\/","name":"El Sol bonaerense","description":"","publisher":{"@id":"https:\/\/solbonaerense.com.ar\/#organization"},"alternateName":"Sol bonaerense","potentialAction":[{"@type":"SearchAction","target":{"@type":"EntryPoint","urlTemplate":"https:\/\/solbonaerense.com.ar\/?s={search_term_string}"},"query-input":{"@type":"PropertyValueSpecification","valueRequired":true,"valueName":"search_term_string"}}],"inLanguage":"es-AR"},{"@type":"Organization","@id":"https:\/\/solbonaerense.com.ar\/#organization","name":"El Sol bonaerense","alternateName":"El Sol bonaerense","url":"https:\/\/solbonaerense.com.ar\/","logo":{"@type":"ImageObject","inLanguage":"es-AR","@id":"https:\/\/solbonaerense.com.ar\/#\/schema\/logo\/image\/","url":"https:\/\/solbonaerense.com.ar\/wp-content\/uploads\/2025\/06\/cropped-el-sol-boanerense-ico-1.png","contentUrl":"https:\/\/solbonaerense.com.ar\/wp-content\/uploads\/2025\/06\/cropped-el-sol-boanerense-ico-1.png","width":512,"height":512,"caption":"El Sol bonaerense"},"image":{"@id":"https:\/\/solbonaerense.com.ar\/#\/schema\/logo\/image\/"},"sameAs":["https:\/\/www.facebook.com\/profile.php?id=61576291889006","https:\/\/x.com\/solbonaerense","https:\/\/www.instagram.com\/solbonaerense\/"]}]}},"_links":{"self":[{"href":"https:\/\/solbonaerense.com.ar\/index.php\/wp-json\/wp\/v2\/pages\/2","targetHints":{"allow":["GET"]}}],"collection":[{"href":"https:\/\/solbonaerense.com.ar\/index.php\/wp-json\/wp\/v2\/pages"}],"about":[{"href":"https:\/\/solbonaerense.com.ar\/index.php\/wp-json\/wp\/v2\/types\/page"}],"author":[{"embeddable":true,"href":"https:\/\/solbonaerense.com.ar\/index.php\/wp-json\/wp\/v2\/users\/1"}],"replies":[{"embeddable":true,"href":"https:\/\/solbonaerense.com.ar\/index.php\/wp-json\/wp\/v2\/comments?post=2"}],"version-history":[{"count":1,"href":"https:\/\/solbonaerense.com.ar\/index.php\/wp-json\/wp\/v2\/pages\/2\/revisions"}],"predecessor-version":[{"id":60,"href":"https:\/\/solbonaerense.com.ar\/index.php\/wp-json\/wp\/v2\/pages\/2\/revisions\/60"}],"wp:attachment":[{"href":"https:\/\/solbonaerense.com.ar\/index.php\/wp-json\/wp\/v2\/media?parent=2"}],"wp:term":[{"taxonomy":"author","embeddable":true,"href":"https:\/\/solbonaerense.com.ar\/index.php\/wp-json\/wp\/v2\/coauthors?post=2"}],"curies":[{"name":"wp","href":"https:\/\/api.w.org\/{rel}","templated":true}]}}